{"id":399,"date":"2025-05-27T04:04:21","date_gmt":"2025-05-27T04:04:21","guid":{"rendered":"https:\/\/restaurant-zermatt.ch\/open-now\/"},"modified":"2025-06-09T09:15:50","modified_gmt":"2025-06-09T09:15:50","slug":"open-now","status":"publish","type":"page","link":"https:\/\/restaurant-zermatt.ch\/de\/open-now\/","title":{"rendered":"Jetzt Ge\u00f6ffnet"},"content":{"rendered":"\n\n\t<section class=\"section\" id=\"section_243994553\">\n\t\t<div class=\"section-bg fill\" >\n\t\t\t\t\t\t\t\t\t\n\t\t\t\n\n\t\t<\/div>\n\n\t\t\n\n\t\t<div class=\"section-content relative\">\n\t\t\t\n\n<div class=\"row\"  id=\"row-1331097337\">\n\n\n\t<div id=\"col-340750428\" class=\"col small-12 large-12\"  >\n\t\t\t\t<div class=\"col-inner\"  >\n\t\t\t\n\t\t\t\n\n\n  <div class=\"banner has-hover rounded\" id=\"banner-1712620050\">\n          <div class=\"banner-inner fill\">\n        <div class=\"banner-bg fill\" >\n            <img loading=\"lazy\" decoding=\"async\" width=\"1920\" height=\"1080\" src=\"https:\/\/restaurant-zermatt.ch\/wp-content\/uploads\/2025\/05\/glacier-alpine-kitchen.jpg\" class=\"bg attachment-original size-original\" alt=\"\" \/>                        <div class=\"overlay\"><\/div>            \n                    <\/div>\n\t\t\n        <div class=\"banner-layers container\">\n            <div class=\"fill banner-link\"><\/div>            \n\n   <div id=\"text-box-1194013773\" class=\"text-box banner-layer x50 md-x50 lg-x50 y50 md-y50 lg-y50 res-text\">\n                                <div class=\"text-box-content text dark\">\n              \n              <div class=\"text-inner text-center\">\n                  \n\n<h3 class=\"uppercase\"><strong>Jetzt Ge\u00f6ffnet<\/strong><\/h3>\n\n              <\/div>\n           <\/div>\n                            \n<style>\n#text-box-1194013773 {\n  width: 60%;\n}\n#text-box-1194013773 .text-box-content {\n  font-size: 100%;\n}\n<\/style>\n    <\/div>\n \n\n        <\/div>\n      <\/div>\n\n            \n<style>\n#banner-1712620050 {\n  padding-top: 170px;\n  background-color: rgb(247, 247, 247);\n}\n#banner-1712620050 .overlay {\n  background-color: rgba(0, 0, 0, 0.3);\n}\n#banner-1712620050 .banner-bg img {\n  object-position: 50% 55%;\n}\n<\/style>\n  <\/div>\n\n\n\n\t\t<\/div>\n\t\t\t\t\t<\/div>\n\n\t\n\n<\/div>\n\n            <div class=\"row align-equal restaurant--row restaurant-card\"  id=\"row-8369786\">\n                \n\t<div id=\"col-1143771455\" class=\"col restaurant-image medium-12 small-12 large-4\"  >\n\t\t\t\t<div class=\"col-inner\"  >\n\t\t\t\n\t\t\t\n                    \t<div class=\"img has-hover x md-x lg-x y md-y lg-y\" id=\"image_783001717\">\n\t\t\t\t\t\t\t\t<div class=\"img-inner image-cover dark\" style=\"padding-top:100%;\">\n\t\t\t<img loading=\"lazy\" decoding=\"async\" width=\"1020\" height=\"574\" src=\"https:\/\/restaurant-zermatt.ch\/wp-content\/uploads\/2025\/05\/buffet-and-bar-riffelberg-1024x576.jpg\" class=\"attachment-large size-large\" alt=\"\" srcset=\"https:\/\/restaurant-zermatt.ch\/wp-content\/uploads\/2025\/05\/buffet-and-bar-riffelberg-1024x576.jpg 1024w, https:\/\/restaurant-zermatt.ch\/wp-content\/uploads\/2025\/05\/buffet-and-bar-riffelberg-300x169.jpg 300w, https:\/\/restaurant-zermatt.ch\/wp-content\/uploads\/2025\/05\/buffet-and-bar-riffelberg-768x432.jpg 768w, https:\/\/restaurant-zermatt.ch\/wp-content\/uploads\/2025\/05\/buffet-and-bar-riffelberg-1536x864.jpg 1536w, https:\/\/restaurant-zermatt.ch\/wp-content\/uploads\/2025\/05\/buffet-and-bar-riffelberg.jpg 1920w\" sizes=\"auto, (max-width: 1020px) 100vw, 1020px\" \/>\t\t\t\t\t\t\n\t\t\t\t\t<\/div>\n\t\t\t\t\t\t\t\t\n<style>\n#image_783001717 {\n  width: 100%;\n}\n<\/style>\n\t<\/div>\n\t\n                \t\t<\/div>\n\t\t\t\t\t<\/div>\n\n\t\n                \n\t<div id=\"col-466320640\" class=\"col restaurant-text medium-12 small-12 large-8\"  >\n\t\t\t\t<div class=\"col-inner\"  >\n\t\t\t\n\t\t\t\n                    <div class=\"content-1\">\n                        <div class=\"row\"  id=\"row-951349809\">\n                            \n\t<div id=\"col-826095696\" class=\"col small-12 large-12\"  >\n\t\t\t\t<div class=\"col-inner\"  >\n\t\t\t\n\t\t\t\n                                \n                                <p class=\"restaurant-categories red\"><a href=\"https:\/\/restaurant-zermatt.ch\/de\/restaurant-category\/matterhorn-views-de\/\" class=\"red\">Matterhornblick<\/a> | <a href=\"https:\/\/restaurant-zermatt.ch\/de\/restaurant-category\/buffet-de\/\" class=\"red\">Buffet<\/a><\/p>\n                                <h1>Buffet &amp; Bar Riffelberg<\/h1>\n                                <p class=\"rates\">4 <span class=\"restaurant--rates\"><span style=\"width: 80px\"><\/span><\/span> <a href=\"https:\/\/www.google.com\/maps\/search\/?api=1&query=Buffet%20%26%20Bar%20Riffelberg&query_place_id=ChIJE99BId81j0cRpbNrvKE9HP0\" target=\"_blank\">(449)<\/a><\/p>\n                                \n<p>Ein familienfreundliches Selbstbedienungsrestaurant in perfekter Lage, nur wenige Meter von der Station der Gornergrat Bahn und der Gondelbahn Riffelberg-Express entfernt.\u00a0<\/p>\n\n                            \t\t<\/div>\n\t\t\t\t\t<\/div>\n\n\t\n                        <\/div>\n                        <div class=\"row\"  id=\"row-1833109818\">\n                            \n\t<div id=\"col-680996651\" class=\"col action-button mobile-center medium-7 small-12 large-7\"  >\n\t\t\t\t<div class=\"col-inner\"  >\n\t\t\t\n\t\t\t\n                                <a href=\"https:\/\/restaurant-zermatt.ch\/wp-content\/uploads\/2025\/05\/BuffetBarRiffelberg_EN.pdf\" target=\"_blank\" class=\"button primary lowercase\" rel=\"noopener\" style=\"border-radius:99px;\">\n\t\t<span>Menu<\/span>\n\t<\/a>\n\n                                \n                            \t\t<\/div>\n\t\t\t\t\t<\/div>\n\n\t\n                            \n\t<div id=\"col-1588283416\" class=\"col mobile-center medium-5 small-12 large-5\"  >\n\t\t\t\t<div class=\"col-inner text-right\"  >\n\t\t\t\n\t\t\t\n                                <a class=\"button white lowercase button--info-1\" style=\"border-radius:99px;\">\n\t\t<span>Mehr Info<\/span>\n\t<\/a>\n\n                            \t\t<\/div>\n\t\t\t\t\t<\/div>\n\n\t\n                        <\/div>\n                    <\/div>\n                    <div class=\"content-2\" style=\"display: none;\">\n                        <div class=\"row restaurant--table\"  id=\"row-2002048938\">\n                            \n\t<div id=\"col-318939802\" class=\"col small-12 large-12\"  >\n\t\t\t\t<div class=\"col-inner\"  >\n\t\t\t\n\t\t\t\n                                <p class=\"opening-times\"><b class=\"red\">\u00d6FFNUNGSZEITEN :<\/b><br>\n                                Ge\u00f6ffnet vom 29. November 2025 bis 19. April 2026<\/p>\n                                <table class=\"tbl-opening-hours\"><tr><td>Montag<\/td><td>08:30 - 16:15<\/td><\/tr><tr><td>Dienstag<\/td><td>08:30 - 16:15<\/td><\/tr><tr><td>Mittwoch<\/td><td>08:30 - 16:15<\/td><\/tr><tr><td>Donnerstag<\/td><td>08:30 - 16:15<\/td><\/tr><tr><td>Freitag<\/td><td>08:30 - 16:15<\/td><\/tr><tr><td>Samstag<\/td><td>08:30 - 16:15<\/td><\/tr><tr><td>Sonntag<\/td><td>08:30 - 16:15<\/td><\/tr><\/table>\n                            \t\t<\/div>\n\t\t\t\t\t<\/div>\n\n\t\n                        <\/div>\n                        <div class=\"row\"  id=\"row-656911361\">\n                            \n\t<div id=\"col-1481162976\" class=\"col action-button mobile-center medium-7 small-12 large-7\"  >\n\t\t\t\t<div class=\"col-inner\"  >\n\t\t\t\n\t\t\t\n                                \n                                <a href=\"https:\/\/maps.app.goo.gl\/ff5V6cRpyvViZE6VA\" target=\"_blank\" class=\"button primary lowercase\" rel=\"noopener\" style=\"border-radius:99px;\">\n\t\t<span>Google Maps<\/span>\n\t<\/a>\n\n                            \t\t<\/div>\n\t\t\t\t\t<\/div>\n\n\t\n                            \n\t<div id=\"col-39226648\" class=\"col mobile-center medium-5 small-12 large-5\"  >\n\t\t\t\t<div class=\"col-inner text-right\"  >\n\t\t\t\n\t\t\t\n                                <a class=\"button white lowercase button--info-2\" style=\"border-radius:99px;\">\n\t\t<span>Mehr Info<\/span>\n\t<\/a>\n\n                            \t\t<\/div>\n\t\t\t\t\t<\/div>\n\n\t\n                        <\/div>\n                    <\/div>\n                \t\t<\/div>\n\t\t\t\t\t<\/div>\n\n\t\n            <\/div>\n        \n            <div class=\"row align-equal restaurant--row restaurant-card\"  id=\"row-1848345026\">\n                \n\t<div id=\"col-682647423\" class=\"col restaurant-image medium-12 small-12 large-4\"  >\n\t\t\t\t<div class=\"col-inner\"  >\n\t\t\t\n\t\t\t\n                    \t<div class=\"img has-hover x md-x lg-x y md-y lg-y\" id=\"image_761033937\">\n\t\t\t\t\t\t\t\t<div class=\"img-inner image-cover dark\" style=\"padding-top:100%;\">\n\t\t\t<img loading=\"lazy\" decoding=\"async\" width=\"1020\" height=\"680\" src=\"https:\/\/restaurant-zermatt.ch\/wp-content\/uploads\/2025\/06\/ice-buffet-2-1024x683.jpg\" class=\"attachment-large size-large\" alt=\"\" srcset=\"https:\/\/restaurant-zermatt.ch\/wp-content\/uploads\/2025\/06\/ice-buffet-2-1024x683.jpg 1024w, https:\/\/restaurant-zermatt.ch\/wp-content\/uploads\/2025\/06\/ice-buffet-2-300x200.jpg 300w, https:\/\/restaurant-zermatt.ch\/wp-content\/uploads\/2025\/06\/ice-buffet-2-768x512.jpg 768w, https:\/\/restaurant-zermatt.ch\/wp-content\/uploads\/2025\/06\/ice-buffet-2-1536x1024.jpg 1536w, https:\/\/restaurant-zermatt.ch\/wp-content\/uploads\/2025\/06\/ice-buffet-2.jpg 1920w\" sizes=\"auto, (max-width: 1020px) 100vw, 1020px\" \/>\t\t\t\t\t\t\n\t\t\t\t\t<\/div>\n\t\t\t\t\t\t\t\t\n<style>\n#image_761033937 {\n  width: 100%;\n}\n<\/style>\n\t<\/div>\n\t\n                \t\t<\/div>\n\t\t\t\t\t<\/div>\n\n\t\n                \n\t<div id=\"col-660544598\" class=\"col restaurant-text medium-12 small-12 large-8\"  >\n\t\t\t\t<div class=\"col-inner\"  >\n\t\t\t\n\t\t\t\n                    <div class=\"content-1\">\n                        <div class=\"row\"  id=\"row-985545805\">\n                            \n\t<div id=\"col-784285384\" class=\"col small-12 large-12\"  >\n\t\t\t\t<div class=\"col-inner\"  >\n\t\t\t\n\t\t\t\n                                \n                                <p class=\"restaurant-categories red\"><a href=\"https:\/\/restaurant-zermatt.ch\/de\/restaurant-category\/matterhorn-views-de\/\" class=\"red\">Matterhornblick<\/a> | <a href=\"https:\/\/restaurant-zermatt.ch\/de\/restaurant-category\/buffet-de\/\" class=\"red\">Buffet<\/a><\/p>\n                                <h1>Ice Buffet<\/h1>\n                                <p class=\"rates\">3.5 <span class=\"restaurant--rates\"><span style=\"width: 70px\"><\/span><\/span> <a href=\"https:\/\/www.google.com\/maps\/search\/?api=1&query=Ice%20Buffet&query_place_id=ChIJKQxvZms1j0cRfnPPgYlL0Vg\" target=\"_blank\">(151)<\/a><\/p>\n                                \n<p>Das moderne Selbstbedienungsrestaurant mit Terrasse und Panoramablick bietet eine breite Palette an Speisen der europ\u00e4ischen und traditionellen Schweizer K\u00fcche. Es werden auch vegetarische und vegane Gerichte angeboten.\u00a0<\/p>\n\n                            \t\t<\/div>\n\t\t\t\t\t<\/div>\n\n\t\n                        <\/div>\n                        <div class=\"row\"  id=\"row-562797178\">\n                            \n\t<div id=\"col-524859781\" class=\"col action-button mobile-center medium-7 small-12 large-7\"  >\n\t\t\t\t<div class=\"col-inner\"  >\n\t\t\t\n\t\t\t\n                                <a href=\"https:\/\/restaurant-zermatt.ch\/wp-content\/uploads\/2025\/10\/ICE_Buffet-Winter-25-26.pdf\" target=\"_blank\" class=\"button primary lowercase\" rel=\"noopener\" style=\"border-radius:99px;\">\n\t\t<span>Menu<\/span>\n\t<\/a>\n\n                                \n                            \t\t<\/div>\n\t\t\t\t\t<\/div>\n\n\t\n                            \n\t<div id=\"col-107265436\" class=\"col mobile-center medium-5 small-12 large-5\"  >\n\t\t\t\t<div class=\"col-inner text-right\"  >\n\t\t\t\n\t\t\t\n                                <a class=\"button white lowercase button--info-1\" style=\"border-radius:99px;\">\n\t\t<span>Mehr Info<\/span>\n\t<\/a>\n\n                            \t\t<\/div>\n\t\t\t\t\t<\/div>\n\n\t\n                        <\/div>\n                    <\/div>\n                    <div class=\"content-2\" style=\"display: none;\">\n                        <div class=\"row restaurant--table\"  id=\"row-1259285220\">\n                            \n\t<div id=\"col-974496361\" class=\"col small-12 large-12\"  >\n\t\t\t\t<div class=\"col-inner\"  >\n\t\t\t\n\t\t\t\n                                <p class=\"opening-times\"><b class=\"red\">\u00d6FFNUNGSZEITEN :<\/b><br>\n                                21. Juni 2025 \u2013 3. Mai 2026 <\/p>\n                                <table class=\"tbl-opening-hours\"><tr><td>Montag<\/td><td>08:30 - 15:00<\/td><\/tr><tr><td>Dienstag<\/td><td>08:30 - 15:00<\/td><\/tr><tr><td>Mittwoch<\/td><td>08:30 - 15:00<\/td><\/tr><tr><td>Donnerstag<\/td><td>08:30 - 15:00<\/td><\/tr><tr><td>Freitag<\/td><td>08:30 - 15:00<\/td><\/tr><tr><td>Samstag<\/td><td>08:30 - 15:00<\/td><\/tr><tr><td>Sonntag<\/td><td>08:30 - 15:00<\/td><\/tr><\/table>\n                            \t\t<\/div>\n\t\t\t\t\t<\/div>\n\n\t\n                        <\/div>\n                        <div class=\"row\"  id=\"row-541890793\">\n                            \n\t<div id=\"col-924372863\" class=\"col action-button mobile-center medium-7 small-12 large-7\"  >\n\t\t\t\t<div class=\"col-inner\"  >\n\t\t\t\n\t\t\t\n                                \n                                <a href=\"https:\/\/maps.app.goo.gl\/mv1J9hnGVf8qKirZ7\" target=\"_blank\" class=\"button primary lowercase\" rel=\"noopener\" style=\"border-radius:99px;\">\n\t\t<span>Google Maps<\/span>\n\t<\/a>\n\n                            \t\t<\/div>\n\t\t\t\t\t<\/div>\n\n\t\n                            \n\t<div id=\"col-1176636452\" class=\"col mobile-center medium-5 small-12 large-5\"  >\n\t\t\t\t<div class=\"col-inner text-right\"  >\n\t\t\t\n\t\t\t\n                                <a class=\"button white lowercase button--info-2\" style=\"border-radius:99px;\">\n\t\t<span>Mehr Info<\/span>\n\t<\/a>\n\n                            \t\t<\/div>\n\t\t\t\t\t<\/div>\n\n\t\n                        <\/div>\n                    <\/div>\n                \t\t<\/div>\n\t\t\t\t\t<\/div>\n\n\t\n            <\/div>\n                <script>\n            (function($) {\n                function updateSwissDateTime() {\n                    const options = {\n                        timeZone: 'Europe\/Zurich',\n                        year: 'numeric',\n                        month: 'long',\n                        day: 'numeric',\n                        weekday: 'long',\n                        hour: '2-digit',\n                        minute: '2-digit',\n                        second: '2-digit',\n                        hour12: false\n                    };\n                    const display_lang = $('#swiss-datetime').data('lang') || 'en-US';\n                    const formatter = new Intl.DateTimeFormat(display_lang, options);\n                    const dateTimeString = formatter.format(new Date());\n                    $('#swiss-datetime').text(dateTimeString);\n                }\n                updateSwissDateTime();\n                setInterval(updateSwissDateTime, 1000);\n            })(jQuery);\n        <\/script>\n\n\n\n\t\t<\/div>\n\n\t\t\n<style>\n#section_243994553 {\n  padding-top: 0px;\n  padding-bottom: 0px;\n}\n<\/style>\n\t<\/section>\n\t\n\n","protected":false},"excerpt":{"rendered":"","protected":false},"author":1,"featured_media":0,"parent":0,"menu_order":0,"comment_status":"closed","ping_status":"closed","template":"","meta":{"_acf_changed":false,"footnotes":""},"class_list":["post-399","page","type-page","status-publish","hentry"],"acf":[],"yoast_head":"<!-- This site is optimized with the Yoast SEO plugin v27.2 - https:\/\/yoast.com\/product\/yoast-seo-wordpress\/ -->\n<title>Restaurant Zermatt | Jetzt Ge\u00f6ffnet<\/title>\n<meta name=\"description\" content=\"Entdecken Sie die besten Restaurants in Zematt, die im Jahr 2025 ge\u00f6ffnet haben, von Pizza und Pasta bis hin zu Raclette und Fondue mit dem besten Restaurantf\u00fchrer von Zermatt.\" \/>\n<meta name=\"robots\" content=\"index, follow, max-snippet:-1, max-image-preview:large, max-video-preview:-1\" \/>\n<link rel=\"canonical\" href=\"https:\/\/restaurant-zermatt.ch\/de\/open-now\/\" \/>\n<meta property=\"og:locale\" content=\"de_DE\" \/>\n<meta property=\"og:type\" content=\"article\" \/>\n<meta property=\"og:title\" content=\"Restaurant Zermatt | Jetzt Ge\u00f6ffnet\" \/>\n<meta property=\"og:description\" content=\"Entdecken Sie die besten Restaurants in Zematt, die im Jahr 2025 ge\u00f6ffnet haben, von Pizza und Pasta bis hin zu Raclette und Fondue mit dem besten Restaurantf\u00fchrer von Zermatt.\" \/>\n<meta property=\"og:url\" content=\"https:\/\/restaurant-zermatt.ch\/de\/open-now\/\" \/>\n<meta property=\"og:site_name\" content=\"Restaurant Zermatt\" \/>\n<meta property=\"article:modified_time\" content=\"2025-06-09T09:15:50+00:00\" \/>\n<meta name=\"twitter:card\" content=\"summary_large_image\" \/>\n<meta name=\"twitter:label1\" content=\"Est. reading time\" \/>\n\t<meta name=\"twitter:data1\" content=\"1 minute\" \/>\n<script type=\"application\/ld+json\" class=\"yoast-schema-graph\">{\"@context\":\"https:\/\/schema.org\",\"@graph\":[{\"@type\":\"WebPage\",\"@id\":\"https:\/\/restaurant-zermatt.ch\/de\/open-now\/\",\"url\":\"https:\/\/restaurant-zermatt.ch\/de\/open-now\/\",\"name\":\"Restaurant Zermatt | Jetzt Ge\u00f6ffnet\",\"isPartOf\":{\"@id\":\"https:\/\/restaurant-zermatt.ch\/de\/#website\"},\"datePublished\":\"2025-05-27T04:04:21+00:00\",\"dateModified\":\"2025-06-09T09:15:50+00:00\",\"description\":\"Entdecken Sie die besten Restaurants in Zematt, die im Jahr 2025 ge\u00f6ffnet haben, von Pizza und Pasta bis hin zu Raclette und Fondue mit dem besten Restaurantf\u00fchrer von Zermatt.\",\"breadcrumb\":{\"@id\":\"https:\/\/restaurant-zermatt.ch\/de\/open-now\/#breadcrumb\"},\"inLanguage\":\"de-DE\",\"potentialAction\":[{\"@type\":\"ReadAction\",\"target\":[\"https:\/\/restaurant-zermatt.ch\/de\/open-now\/\"]}]},{\"@type\":\"BreadcrumbList\",\"@id\":\"https:\/\/restaurant-zermatt.ch\/de\/open-now\/#breadcrumb\",\"itemListElement\":[{\"@type\":\"ListItem\",\"position\":1,\"name\":\"Home\",\"item\":\"https:\/\/restaurant-zermatt.ch\/de\/\"},{\"@type\":\"ListItem\",\"position\":2,\"name\":\"Jetzt Ge\u00f6ffnet\"}]},{\"@type\":\"WebSite\",\"@id\":\"https:\/\/restaurant-zermatt.ch\/de\/#website\",\"url\":\"https:\/\/restaurant-zermatt.ch\/de\/\",\"name\":\"Restaurant - Zermatt\",\"description\":\"\",\"publisher\":{\"@id\":\"https:\/\/restaurant-zermatt.ch\/de\/#organization\"},\"potentialAction\":[{\"@type\":\"SearchAction\",\"target\":{\"@type\":\"EntryPoint\",\"urlTemplate\":\"https:\/\/restaurant-zermatt.ch\/de\/?s={search_term_string}\"},\"query-input\":{\"@type\":\"PropertyValueSpecification\",\"valueRequired\":true,\"valueName\":\"search_term_string\"}}],\"inLanguage\":\"de-DE\"},{\"@type\":\"Organization\",\"@id\":\"https:\/\/restaurant-zermatt.ch\/de\/#organization\",\"name\":\"Restaurant - Zermatt\",\"url\":\"https:\/\/restaurant-zermatt.ch\/de\/\",\"logo\":{\"@type\":\"ImageObject\",\"inLanguage\":\"de-DE\",\"@id\":\"https:\/\/restaurant-zermatt.ch\/de\/#\/schema\/logo\/image\/\",\"url\":\"https:\/\/restaurant-zermatt.ch\/wp-content\/uploads\/2025\/05\/restaurant-riffelhaus-1853.jpg\",\"contentUrl\":\"https:\/\/restaurant-zermatt.ch\/wp-content\/uploads\/2025\/05\/restaurant-riffelhaus-1853.jpg\",\"width\":1920,\"height\":1080,\"caption\":\"Restaurant - Zermatt\"},\"image\":{\"@id\":\"https:\/\/restaurant-zermatt.ch\/de\/#\/schema\/logo\/image\/\"}}]}<\/script>\n<!-- \/ Yoast SEO plugin. -->","yoast_head_json":{"title":"Restaurant Zermatt | Jetzt Ge\u00f6ffnet","description":"Entdecken Sie die besten Restaurants in Zematt, die im Jahr 2025 ge\u00f6ffnet haben, von Pizza und Pasta bis hin zu Raclette und Fondue mit dem besten Restaurantf\u00fchrer von Zermatt.","robots":{"index":"index","follow":"follow","max-snippet":"max-snippet:-1","max-image-preview":"max-image-preview:large","max-video-preview":"max-video-preview:-1"},"canonical":"https:\/\/restaurant-zermatt.ch\/de\/open-now\/","og_locale":"de_DE","og_type":"article","og_title":"Restaurant Zermatt | Jetzt Ge\u00f6ffnet","og_description":"Entdecken Sie die besten Restaurants in Zematt, die im Jahr 2025 ge\u00f6ffnet haben, von Pizza und Pasta bis hin zu Raclette und Fondue mit dem besten Restaurantf\u00fchrer von Zermatt.","og_url":"https:\/\/restaurant-zermatt.ch\/de\/open-now\/","og_site_name":"Restaurant Zermatt","article_modified_time":"2025-06-09T09:15:50+00:00","twitter_card":"summary_large_image","twitter_misc":{"Est. reading time":"1 minute"},"schema":{"@context":"https:\/\/schema.org","@graph":[{"@type":"WebPage","@id":"https:\/\/restaurant-zermatt.ch\/de\/open-now\/","url":"https:\/\/restaurant-zermatt.ch\/de\/open-now\/","name":"Restaurant Zermatt | Jetzt Ge\u00f6ffnet","isPartOf":{"@id":"https:\/\/restaurant-zermatt.ch\/de\/#website"},"datePublished":"2025-05-27T04:04:21+00:00","dateModified":"2025-06-09T09:15:50+00:00","description":"Entdecken Sie die besten Restaurants in Zematt, die im Jahr 2025 ge\u00f6ffnet haben, von Pizza und Pasta bis hin zu Raclette und Fondue mit dem besten Restaurantf\u00fchrer von Zermatt.","breadcrumb":{"@id":"https:\/\/restaurant-zermatt.ch\/de\/open-now\/#breadcrumb"},"inLanguage":"de-DE","potentialAction":[{"@type":"ReadAction","target":["https:\/\/restaurant-zermatt.ch\/de\/open-now\/"]}]},{"@type":"BreadcrumbList","@id":"https:\/\/restaurant-zermatt.ch\/de\/open-now\/#breadcrumb","itemListElement":[{"@type":"ListItem","position":1,"name":"Home","item":"https:\/\/restaurant-zermatt.ch\/de\/"},{"@type":"ListItem","position":2,"name":"Jetzt Ge\u00f6ffnet"}]},{"@type":"WebSite","@id":"https:\/\/restaurant-zermatt.ch\/de\/#website","url":"https:\/\/restaurant-zermatt.ch\/de\/","name":"Restaurant - Zermatt","description":"","publisher":{"@id":"https:\/\/restaurant-zermatt.ch\/de\/#organization"},"potentialAction":[{"@type":"SearchAction","target":{"@type":"EntryPoint","urlTemplate":"https:\/\/restaurant-zermatt.ch\/de\/?s={search_term_string}"},"query-input":{"@type":"PropertyValueSpecification","valueRequired":true,"valueName":"search_term_string"}}],"inLanguage":"de-DE"},{"@type":"Organization","@id":"https:\/\/restaurant-zermatt.ch\/de\/#organization","name":"Restaurant - Zermatt","url":"https:\/\/restaurant-zermatt.ch\/de\/","logo":{"@type":"ImageObject","inLanguage":"de-DE","@id":"https:\/\/restaurant-zermatt.ch\/de\/#\/schema\/logo\/image\/","url":"https:\/\/restaurant-zermatt.ch\/wp-content\/uploads\/2025\/05\/restaurant-riffelhaus-1853.jpg","contentUrl":"https:\/\/restaurant-zermatt.ch\/wp-content\/uploads\/2025\/05\/restaurant-riffelhaus-1853.jpg","width":1920,"height":1080,"caption":"Restaurant - Zermatt"},"image":{"@id":"https:\/\/restaurant-zermatt.ch\/de\/#\/schema\/logo\/image\/"}}]}},"_links":{"self":[{"href":"https:\/\/restaurant-zermatt.ch\/de\/wp-json\/wp\/v2\/pages\/399","targetHints":{"allow":["GET"]}}],"collection":[{"href":"https:\/\/restaurant-zermatt.ch\/de\/wp-json\/wp\/v2\/pages"}],"about":[{"href":"https:\/\/restaurant-zermatt.ch\/de\/wp-json\/wp\/v2\/types\/page"}],"author":[{"embeddable":true,"href":"https:\/\/restaurant-zermatt.ch\/de\/wp-json\/wp\/v2\/users\/1"}],"replies":[{"embeddable":true,"href":"https:\/\/restaurant-zermatt.ch\/de\/wp-json\/wp\/v2\/comments?post=399"}],"version-history":[{"count":4,"href":"https:\/\/restaurant-zermatt.ch\/de\/wp-json\/wp\/v2\/pages\/399\/revisions"}],"predecessor-version":[{"id":567,"href":"https:\/\/restaurant-zermatt.ch\/de\/wp-json\/wp\/v2\/pages\/399\/revisions\/567"}],"wp:attachment":[{"href":"https:\/\/restaurant-zermatt.ch\/de\/wp-json\/wp\/v2\/media?parent=399"}],"curies":[{"name":"wp","href":"https:\/\/api.w.org\/{rel}","templated":true}]}}